{"id":8662,"date":"2023-08-18T12:23:03","date_gmt":"2023-08-18T12:23:03","guid":{"rendered":"https:\/\/cezmati.com\/?post_type=product&#038;p=8662"},"modified":"2023-08-18T12:23:03","modified_gmt":"2023-08-18T12:23:03","slug":"karbur-elmas-ucu-3mm-sapli-takim","status":"publish","type":"product","link":"https:\/\/cezmati.com\/ar\/product\/karbur-elmas-ucu-3mm-sapli-takim\/","title":{"rendered":"KARB\u00dcR ELMAS UCU 3MM SAPLI TAKIM"},"content":{"rendered":"<p>KARB\u00dcR ELMAS FREZE U\u00c7LRA\u0130\u00a0 TA\u015e VE MERMER KABARTMALI DESEN OYMA VE \u015eEK\u0130L VERME \u0130\u015eLEM\u0130NDE KULLANILIR<\/p>\n","protected":false},"excerpt":{"rendered":"<p>KARB\u00dcR ELMAS FREZE U\u00c7LRA\u0130\u00a0 TA\u015e VE MERMER KABARTMALI DESEN OYMA VE \u015eEK\u0130L VERME \u0130\u015eLEM\u0130NDE KULLANILIR<\/p>\n","protected":false},"featured_media":8665,"template":"","meta":[],"product_brand":[],"product_cat":[152],"product_tag":[],"class_list":{"0":"post-8662","1":"product","2":"type-product","3":"status-publish","4":"has-post-thumbnail","6":"product_cat-uclar","8":"first","9":"instock","10":"taxable","11":"shipping-taxable","12":"purchasable","13":"product-type-simple"},"_links":{"self":[{"href":"https:\/\/cezmati.com\/ar\/wp-json\/wp\/v2\/product\/8662","targetHints":{"allow":["GET"]}}],"collection":[{"href":"https:\/\/cezmati.com\/ar\/wp-json\/wp\/v2\/product"}],"about":[{"href":"https:\/\/cezmati.com\/ar\/wp-json\/wp\/v2\/types\/product"}],"wp:featuredmedia":[{"embeddable":true,"href":"https:\/\/cezmati.com\/ar\/wp-json\/wp\/v2\/media\/8665"}],"wp:attachment":[{"href":"https:\/\/cezmati.com\/ar\/wp-json\/wp\/v2\/media?parent=8662"}],"wp:term":[{"taxonomy":"product_brand","embeddable":true,"href":"https:\/\/cezmati.com\/ar\/wp-json\/wp\/v2\/product_brand?post=8662"},{"taxonomy":"product_cat","embeddable":true,"href":"https:\/\/cezmati.com\/ar\/wp-json\/wp\/v2\/product_cat?post=8662"},{"taxonomy":"product_tag","embeddable":true,"href":"https:\/\/cezmati.com\/ar\/wp-json\/wp\/v2\/product_tag?post=8662"}],"curies":[{"name":"wp","href":"https:\/\/api.w.org\/{rel}","templated":true}]}}