{"id":6020,"date":"2023-02-02T17:18:58","date_gmt":"2023-02-02T17:18:58","guid":{"rendered":"https:\/\/cezmati.com\/?post_type=product&#038;p=6020"},"modified":"2023-07-24T21:13:16","modified_gmt":"2023-07-24T21:13:16","slug":"elmas-canak-tas-2","status":"publish","type":"product","link":"https:\/\/cezmati.com\/ar\/product\/elmas-canak-tas-2\/","title":{"rendered":"ELMAS \u00c7ANAK TA\u015e"},"content":{"rendered":"<p>S\u00d6KET ELMAS SP\u0130RAL \u00c7ANAK TA\u015e, MERMER VE GRAN\u0130T OYMA VE ZIMPARALAMA \u0130\u015eLEM\u0130NDE KULLANILIR<\/p>\n","protected":false},"excerpt":{"rendered":"<p>S\u00d6KET ELMAS SP\u0130RAL \u00c7ANAK TA\u015e, MERMER VE GRAN\u0130T OYMA VE ZIMPARALAMA \u0130\u015eLEM\u0130NDE KULLANILIR<\/p>\n","protected":false},"featured_media":6022,"template":"","meta":[],"product_brand":[],"product_cat":[155],"product_tag":[],"class_list":{"0":"post-6020","1":"product","2":"type-product","3":"status-publish","4":"has-post-thumbnail","6":"product_cat-elmas-canak","8":"first","9":"instock","10":"taxable","11":"shipping-taxable","12":"purchasable","13":"product-type-variable","14":"has-default-attributes"},"_links":{"self":[{"href":"https:\/\/cezmati.com\/ar\/wp-json\/wp\/v2\/product\/6020","targetHints":{"allow":["GET"]}}],"collection":[{"href":"https:\/\/cezmati.com\/ar\/wp-json\/wp\/v2\/product"}],"about":[{"href":"https:\/\/cezmati.com\/ar\/wp-json\/wp\/v2\/types\/product"}],"wp:featuredmedia":[{"embeddable":true,"href":"https:\/\/cezmati.com\/ar\/wp-json\/wp\/v2\/media\/6022"}],"wp:attachment":[{"href":"https:\/\/cezmati.com\/ar\/wp-json\/wp\/v2\/media?parent=6020"}],"wp:term":[{"taxonomy":"product_brand","embeddable":true,"href":"https:\/\/cezmati.com\/ar\/wp-json\/wp\/v2\/product_brand?post=6020"},{"taxonomy":"product_cat","embeddable":true,"href":"https:\/\/cezmati.com\/ar\/wp-json\/wp\/v2\/product_cat?post=6020"},{"taxonomy":"product_tag","embeddable":true,"href":"https:\/\/cezmati.com\/ar\/wp-json\/wp\/v2\/product_tag?post=6020"}],"curies":[{"name":"wp","href":"https:\/\/api.w.org\/{rel}","templated":true}]}}