{"id":5690,"date":"2023-02-11T19:03:33","date_gmt":"2023-02-11T19:03:33","guid":{"rendered":"https:\/\/cezmati.com\/?post_type=product&#038;p=5690"},"modified":"2023-07-24T21:30:57","modified_gmt":"2023-07-24T21:30:57","slug":"cnc-torna-testeresi","status":"publish","type":"product","link":"https:\/\/cezmati.com\/ar\/product\/cnc-torna-testeresi\/","title":{"rendered":"CNC TORNA TESTERES\u0130"},"content":{"rendered":"<p>CNC TORNA TESTERES\u0130 TA\u015e VE MERMER S\u00dcTUNLARIN OLU\u015eTURMASINDA KULLANILIR<\/p>\n","protected":false},"excerpt":{"rendered":"<p>CNC TORNA TESTERES\u0130 TA\u015e VE MERMER S\u00dcTUNLARIN OLU\u015eTURMASINDA KULLANILIR<\/p>\n","protected":false},"featured_media":6328,"template":"","meta":[],"product_brand":[],"product_cat":[154],"product_tag":[],"class_list":{"0":"post-5690","1":"product","2":"type-product","3":"status-publish","4":"has-post-thumbnail","6":"product_cat-elmas-profilleri","8":"first","9":"instock","10":"taxable","11":"shipping-taxable","12":"purchasable","13":"product-type-variable","14":"has-default-attributes"},"_links":{"self":[{"href":"https:\/\/cezmati.com\/ar\/wp-json\/wp\/v2\/product\/5690","targetHints":{"allow":["GET"]}}],"collection":[{"href":"https:\/\/cezmati.com\/ar\/wp-json\/wp\/v2\/product"}],"about":[{"href":"https:\/\/cezmati.com\/ar\/wp-json\/wp\/v2\/types\/product"}],"wp:featuredmedia":[{"embeddable":true,"href":"https:\/\/cezmati.com\/ar\/wp-json\/wp\/v2\/media\/6328"}],"wp:attachment":[{"href":"https:\/\/cezmati.com\/ar\/wp-json\/wp\/v2\/media?parent=5690"}],"wp:term":[{"taxonomy":"product_brand","embeddable":true,"href":"https:\/\/cezmati.com\/ar\/wp-json\/wp\/v2\/product_brand?post=5690"},{"taxonomy":"product_cat","embeddable":true,"href":"https:\/\/cezmati.com\/ar\/wp-json\/wp\/v2\/product_cat?post=5690"},{"taxonomy":"product_tag","embeddable":true,"href":"https:\/\/cezmati.com\/ar\/wp-json\/wp\/v2\/product_tag?post=5690"}],"curies":[{"name":"wp","href":"https:\/\/api.w.org\/{rel}","templated":true}]}}