{"id":5689,"date":"2023-02-16T12:26:50","date_gmt":"2023-02-16T12:26:50","guid":{"rendered":"https:\/\/cezmati.com\/?post_type=product&#038;p=5689"},"modified":"2023-07-24T21:29:41","modified_gmt":"2023-07-24T21:29:41","slug":"vakum-profil-s-kornis","status":"publish","type":"product","link":"https:\/\/cezmati.com\/ar\/product\/vakum-profil-s-kornis\/","title":{"rendered":"VAKUM PROF\u0130L S KORN\u0130\u015e"},"content":{"rendered":"","protected":false},"excerpt":{"rendered":"","protected":false},"featured_media":6377,"template":"","meta":[],"product_brand":[],"product_cat":[154],"product_tag":[],"class_list":{"0":"post-5689","1":"product","2":"type-product","3":"status-publish","4":"has-post-thumbnail","6":"product_cat-elmas-profilleri","8":"first","9":"instock","10":"taxable","11":"shipping-taxable","12":"purchasable","13":"product-type-variable","14":"has-default-attributes"},"_links":{"self":[{"href":"https:\/\/cezmati.com\/ar\/wp-json\/wp\/v2\/product\/5689","targetHints":{"allow":["GET"]}}],"collection":[{"href":"https:\/\/cezmati.com\/ar\/wp-json\/wp\/v2\/product"}],"about":[{"href":"https:\/\/cezmati.com\/ar\/wp-json\/wp\/v2\/types\/product"}],"wp:featuredmedia":[{"embeddable":true,"href":"https:\/\/cezmati.com\/ar\/wp-json\/wp\/v2\/media\/6377"}],"wp:attachment":[{"href":"https:\/\/cezmati.com\/ar\/wp-json\/wp\/v2\/media?parent=5689"}],"wp:term":[{"taxonomy":"product_brand","embeddable":true,"href":"https:\/\/cezmati.com\/ar\/wp-json\/wp\/v2\/product_brand?post=5689"},{"taxonomy":"product_cat","embeddable":true,"href":"https:\/\/cezmati.com\/ar\/wp-json\/wp\/v2\/product_cat?post=5689"},{"taxonomy":"product_tag","embeddable":true,"href":"https:\/\/cezmati.com\/ar\/wp-json\/wp\/v2\/product_tag?post=5689"}],"curies":[{"name":"wp","href":"https:\/\/api.w.org\/{rel}","templated":true}]}}