{"id":5662,"date":"2023-02-11T18:24:05","date_gmt":"2023-02-11T18:24:05","guid":{"rendered":"https:\/\/cezmati.com\/?post_type=product&#038;p=5662"},"modified":"2023-07-24T21:04:02","modified_gmt":"2023-07-24T21:04:02","slug":"mermer-soketli-testere-sessiz","status":"publish","type":"product","link":"https:\/\/cezmati.com\/ar\/product\/mermer-soketli-testere-sessiz\/","title":{"rendered":"MERMER SOKETL\u0130 TESTERE SESS\u0130Z"},"content":{"rendered":"<p>S\u00d6KET ELMAS MAK\u0130NE TESTERES\u0130 MERMER VE TA\u015e KESME \u0130\u015eLEM\u0130NDE KULLANILIR<\/p>\n","protected":false},"excerpt":{"rendered":"<p>S\u00d6KET ELMAS MAK\u0130NE TESTERES\u0130 MERMER VE TA\u015e KESME \u0130\u015eLEM\u0130NDE KULLANILIR<\/p>\n","protected":false},"featured_media":6292,"template":"","meta":[],"product_brand":[],"product_cat":[153],"product_tag":[],"class_list":{"0":"post-5662","1":"product","2":"type-product","3":"status-publish","4":"has-post-thumbnail","6":"product_cat-elmas-testere","8":"first","9":"instock","10":"taxable","11":"shipping-taxable","12":"purchasable","13":"product-type-variable","14":"has-default-attributes"},"_links":{"self":[{"href":"https:\/\/cezmati.com\/ar\/wp-json\/wp\/v2\/product\/5662","targetHints":{"allow":["GET"]}}],"collection":[{"href":"https:\/\/cezmati.com\/ar\/wp-json\/wp\/v2\/product"}],"about":[{"href":"https:\/\/cezmati.com\/ar\/wp-json\/wp\/v2\/types\/product"}],"wp:featuredmedia":[{"embeddable":true,"href":"https:\/\/cezmati.com\/ar\/wp-json\/wp\/v2\/media\/6292"}],"wp:attachment":[{"href":"https:\/\/cezmati.com\/ar\/wp-json\/wp\/v2\/media?parent=5662"}],"wp:term":[{"taxonomy":"product_brand","embeddable":true,"href":"https:\/\/cezmati.com\/ar\/wp-json\/wp\/v2\/product_brand?post=5662"},{"taxonomy":"product_cat","embeddable":true,"href":"https:\/\/cezmati.com\/ar\/wp-json\/wp\/v2\/product_cat?post=5662"},{"taxonomy":"product_tag","embeddable":true,"href":"https:\/\/cezmati.com\/ar\/wp-json\/wp\/v2\/product_tag?post=5662"}],"curies":[{"name":"wp","href":"https:\/\/api.w.org\/{rel}","templated":true}]}}