{"id":5654,"date":"2023-02-16T12:45:41","date_gmt":"2023-02-16T12:45:41","guid":{"rendered":"https:\/\/cezmati.com\/?post_type=product&#038;p=5654"},"modified":"2023-07-24T21:44:50","modified_gmt":"2023-07-24T21:44:50","slug":"granit-elmas-ucu-konik","status":"publish","type":"product","link":"https:\/\/cezmati.com\/ar\/product\/granit-elmas-ucu-konik\/","title":{"rendered":"GRAN\u0130T ELMAS UCU KON\u0130K"},"content":{"rendered":"<p>S\u00d6KET ELMAS EL FREZES\u0130 KON\u0130K TA\u015e, GRAN\u0130T VE BAZALT KABARTMALI DESEN OYMA \u0130\u015eLEM\u0130NDE KULLANILIR<\/p>\n","protected":false},"excerpt":{"rendered":"<p>S\u00d6KET ELMAS EL FREZES\u0130 KON\u0130K TA\u015e, GRAN\u0130T VE BAZALT KABARTMALI DESEN OYMA \u0130\u015eLEM\u0130NDE KULLANILIR<\/p>\n","protected":false},"featured_media":6400,"template":"","meta":[],"product_brand":[],"product_cat":[152],"product_tag":[],"class_list":{"0":"post-5654","1":"product","2":"type-product","3":"status-publish","4":"has-post-thumbnail","6":"product_cat-uclar","8":"first","9":"instock","10":"taxable","11":"shipping-taxable","12":"purchasable","13":"product-type-variable","14":"has-default-attributes"},"_links":{"self":[{"href":"https:\/\/cezmati.com\/ar\/wp-json\/wp\/v2\/product\/5654","targetHints":{"allow":["GET"]}}],"collection":[{"href":"https:\/\/cezmati.com\/ar\/wp-json\/wp\/v2\/product"}],"about":[{"href":"https:\/\/cezmati.com\/ar\/wp-json\/wp\/v2\/types\/product"}],"wp:featuredmedia":[{"embeddable":true,"href":"https:\/\/cezmati.com\/ar\/wp-json\/wp\/v2\/media\/6400"}],"wp:attachment":[{"href":"https:\/\/cezmati.com\/ar\/wp-json\/wp\/v2\/media?parent=5654"}],"wp:term":[{"taxonomy":"product_brand","embeddable":true,"href":"https:\/\/cezmati.com\/ar\/wp-json\/wp\/v2\/product_brand?post=5654"},{"taxonomy":"product_cat","embeddable":true,"href":"https:\/\/cezmati.com\/ar\/wp-json\/wp\/v2\/product_cat?post=5654"},{"taxonomy":"product_tag","embeddable":true,"href":"https:\/\/cezmati.com\/ar\/wp-json\/wp\/v2\/product_tag?post=5654"}],"curies":[{"name":"wp","href":"https:\/\/api.w.org\/{rel}","templated":true}]}}