{"id":5592,"date":"2023-02-11T18:15:40","date_gmt":"2023-02-11T18:15:40","guid":{"rendered":"https:\/\/cezmati.com\/?post_type=product&#038;p=5592"},"modified":"2023-07-24T21:45:53","modified_gmt":"2023-07-24T21:45:53","slug":"vakum-elmas-ucu-daire","status":"publish","type":"product","link":"https:\/\/cezmati.com\/ar\/product\/vakum-elmas-ucu-daire\/","title":{"rendered":"VAKUM ELMAS UCU DA\u0130RE"},"content":{"rendered":"<p>VAKUM ELMAS EL FREZES\u0130 TA\u015e, MERMER VE GRAN\u0130T KESME VE \u00c7\u0130ZG\u0130 BEL\u0130RLEME \u0130\u015eLEM\u0130NDE KULLANILIR<\/p>\n","protected":false},"excerpt":{"rendered":"<p>VAKUM ELMAS EL FREZES\u0130 TA\u015e, MERMER VE GRAN\u0130T KESME VE \u00c7\u0130ZG\u0130 BEL\u0130RLEME \u0130\u015eLEM\u0130NDE KULLANILIR<\/p>\n","protected":false},"featured_media":6279,"template":"","meta":[],"product_brand":[],"product_cat":[152],"product_tag":[],"class_list":{"0":"post-5592","1":"product","2":"type-product","3":"status-publish","4":"has-post-thumbnail","6":"product_cat-uclar","8":"first","9":"instock","10":"taxable","11":"shipping-taxable","12":"purchasable","13":"product-type-variable","14":"has-default-attributes"},"_links":{"self":[{"href":"https:\/\/cezmati.com\/ar\/wp-json\/wp\/v2\/product\/5592","targetHints":{"allow":["GET"]}}],"collection":[{"href":"https:\/\/cezmati.com\/ar\/wp-json\/wp\/v2\/product"}],"about":[{"href":"https:\/\/cezmati.com\/ar\/wp-json\/wp\/v2\/types\/product"}],"wp:featuredmedia":[{"embeddable":true,"href":"https:\/\/cezmati.com\/ar\/wp-json\/wp\/v2\/media\/6279"}],"wp:attachment":[{"href":"https:\/\/cezmati.com\/ar\/wp-json\/wp\/v2\/media?parent=5592"}],"wp:term":[{"taxonomy":"product_brand","embeddable":true,"href":"https:\/\/cezmati.com\/ar\/wp-json\/wp\/v2\/product_brand?post=5592"},{"taxonomy":"product_cat","embeddable":true,"href":"https:\/\/cezmati.com\/ar\/wp-json\/wp\/v2\/product_cat?post=5592"},{"taxonomy":"product_tag","embeddable":true,"href":"https:\/\/cezmati.com\/ar\/wp-json\/wp\/v2\/product_tag?post=5592"}],"curies":[{"name":"wp","href":"https:\/\/api.w.org\/{rel}","templated":true}]}}