{"id":5589,"date":"2023-02-11T18:05:27","date_gmt":"2023-02-11T18:05:27","guid":{"rendered":"https:\/\/cezmati.com\/?post_type=product&#038;p=5589"},"modified":"2023-07-24T21:47:04","modified_gmt":"2023-07-24T21:47:04","slug":"vakum-elmas-ucu-kesici","status":"publish","type":"product","link":"https:\/\/cezmati.com\/ar\/product\/vakum-elmas-ucu-kesici\/","title":{"rendered":"VAKUM ELMAS UCU KES\u0130C\u0130"},"content":{"rendered":"<p>VAKUM ELMAS EL FREZES\u0130 TA\u015e, MERMER VE GRAN\u0130T KESME VE \u00c7\u0130ZG\u0130 BEL\u0130RLEME \u0130\u015eLEM\u0130NDE KULLANILIR<\/p>\n","protected":false},"excerpt":{"rendered":"<p>VAKUM ELMAS EL FREZES\u0130 TA\u015e, MERMER VE GRAN\u0130T KESME VE \u00c7\u0130ZG\u0130 BEL\u0130RLEME \u0130\u015eLEM\u0130NDE KULLANILIR<\/p>\n","protected":false},"featured_media":6254,"template":"","meta":[],"product_brand":[],"product_cat":[152],"product_tag":[],"class_list":{"0":"post-5589","1":"product","2":"type-product","3":"status-publish","4":"has-post-thumbnail","6":"product_cat-uclar","8":"first","9":"instock","10":"taxable","11":"shipping-taxable","12":"purchasable","13":"product-type-variable","14":"has-default-attributes"},"_links":{"self":[{"href":"https:\/\/cezmati.com\/ar\/wp-json\/wp\/v2\/product\/5589","targetHints":{"allow":["GET"]}}],"collection":[{"href":"https:\/\/cezmati.com\/ar\/wp-json\/wp\/v2\/product"}],"about":[{"href":"https:\/\/cezmati.com\/ar\/wp-json\/wp\/v2\/types\/product"}],"wp:featuredmedia":[{"embeddable":true,"href":"https:\/\/cezmati.com\/ar\/wp-json\/wp\/v2\/media\/6254"}],"wp:attachment":[{"href":"https:\/\/cezmati.com\/ar\/wp-json\/wp\/v2\/media?parent=5589"}],"wp:term":[{"taxonomy":"product_brand","embeddable":true,"href":"https:\/\/cezmati.com\/ar\/wp-json\/wp\/v2\/product_brand?post=5589"},{"taxonomy":"product_cat","embeddable":true,"href":"https:\/\/cezmati.com\/ar\/wp-json\/wp\/v2\/product_cat?post=5589"},{"taxonomy":"product_tag","embeddable":true,"href":"https:\/\/cezmati.com\/ar\/wp-json\/wp\/v2\/product_tag?post=5589"}],"curies":[{"name":"wp","href":"https:\/\/api.w.org\/{rel}","templated":true}]}}