{"id":5543,"date":"2023-02-11T16:18:27","date_gmt":"2023-02-11T16:18:27","guid":{"rendered":"https:\/\/cezmati.com\/?post_type=product&#038;p=5543"},"modified":"2023-07-24T21:47:32","modified_gmt":"2023-07-24T21:47:32","slug":"vakum-elmas-ucu-konik","status":"publish","type":"product","link":"https:\/\/cezmati.com\/ar\/product\/vakum-elmas-ucu-konik\/","title":{"rendered":"VAKUM ELMAS UCU KON\u0130K"},"content":{"rendered":"<p>VAKUM ELMAS EL FREZES\u0130 KON\u0130K TA\u015e, MERMER VE GRAN\u0130T KABARTMALI DESEN OYMA \u0130\u015eLEM\u0130NDE KULLANILIR<\/p>\n","protected":false},"excerpt":{"rendered":"<p>VAKUM ELMAS EL FREZES\u0130 KON\u0130K TA\u015e, MERMER VE GRAN\u0130T KABARTMALI DESEN OYMA \u0130\u015eLEM\u0130NDE KULLANILIR<\/p>\n","protected":false},"featured_media":5553,"template":"","meta":[],"product_brand":[],"product_cat":[152],"product_tag":[],"class_list":{"0":"post-5543","1":"product","2":"type-product","3":"status-publish","4":"has-post-thumbnail","6":"product_cat-uclar","8":"first","9":"instock","10":"taxable","11":"shipping-taxable","12":"purchasable","13":"product-type-variable","14":"has-default-attributes"},"_links":{"self":[{"href":"https:\/\/cezmati.com\/ar\/wp-json\/wp\/v2\/product\/5543","targetHints":{"allow":["GET"]}}],"collection":[{"href":"https:\/\/cezmati.com\/ar\/wp-json\/wp\/v2\/product"}],"about":[{"href":"https:\/\/cezmati.com\/ar\/wp-json\/wp\/v2\/types\/product"}],"wp:featuredmedia":[{"embeddable":true,"href":"https:\/\/cezmati.com\/ar\/wp-json\/wp\/v2\/media\/5553"}],"wp:attachment":[{"href":"https:\/\/cezmati.com\/ar\/wp-json\/wp\/v2\/media?parent=5543"}],"wp:term":[{"taxonomy":"product_brand","embeddable":true,"href":"https:\/\/cezmati.com\/ar\/wp-json\/wp\/v2\/product_brand?post=5543"},{"taxonomy":"product_cat","embeddable":true,"href":"https:\/\/cezmati.com\/ar\/wp-json\/wp\/v2\/product_cat?post=5543"},{"taxonomy":"product_tag","embeddable":true,"href":"https:\/\/cezmati.com\/ar\/wp-json\/wp\/v2\/product_tag?post=5543"}],"curies":[{"name":"wp","href":"https:\/\/api.w.org\/{rel}","templated":true}]}}