{"id":5532,"date":"2023-02-11T16:05:20","date_gmt":"2023-02-11T16:05:20","guid":{"rendered":"https:\/\/cezmati.com\/?post_type=product&#038;p=5532"},"modified":"2023-03-13T14:38:04","modified_gmt":"2023-03-13T14:38:04","slug":"vakum-elmas-ucu-t-sekli","status":"publish","type":"product","link":"https:\/\/cezmati.com\/ar\/product\/vakum-elmas-ucu-t-sekli\/","title":{"rendered":"VAKUM ELMAS UCU T \u015eEKL\u0130"},"content":{"rendered":"<p>VAKUM ELMAS EL FREZES\u0130 T TA\u015e, MERMER VE GRAN\u0130T GEOMETR\u0130K DESEN BO\u015eALTMA \u0130\u015eLEM\u0130NDE KULLANILIR<\/p>\n","protected":false},"excerpt":{"rendered":"<p>VAKUM ELMAS EL FREZES\u0130 T TA\u015e, MERMER VE GRAN\u0130T GEOMETR\u0130K DESEN BO\u015eALTMA \u0130\u015eLEM\u0130NDE KULLANILIR<\/p>\n","protected":false},"featured_media":6210,"template":"","meta":[],"product_brand":[],"product_cat":[152],"product_tag":[],"class_list":{"0":"post-5532","1":"product","2":"type-product","3":"status-publish","4":"has-post-thumbnail","6":"product_cat-uclar","8":"first","9":"instock","10":"taxable","11":"shipping-taxable","12":"purchasable","13":"product-type-variable","14":"has-default-attributes"},"_links":{"self":[{"href":"https:\/\/cezmati.com\/ar\/wp-json\/wp\/v2\/product\/5532","targetHints":{"allow":["GET"]}}],"collection":[{"href":"https:\/\/cezmati.com\/ar\/wp-json\/wp\/v2\/product"}],"about":[{"href":"https:\/\/cezmati.com\/ar\/wp-json\/wp\/v2\/types\/product"}],"wp:featuredmedia":[{"embeddable":true,"href":"https:\/\/cezmati.com\/ar\/wp-json\/wp\/v2\/media\/6210"}],"wp:attachment":[{"href":"https:\/\/cezmati.com\/ar\/wp-json\/wp\/v2\/media?parent=5532"}],"wp:term":[{"taxonomy":"product_brand","embeddable":true,"href":"https:\/\/cezmati.com\/ar\/wp-json\/wp\/v2\/product_brand?post=5532"},{"taxonomy":"product_cat","embeddable":true,"href":"https:\/\/cezmati.com\/ar\/wp-json\/wp\/v2\/product_cat?post=5532"},{"taxonomy":"product_tag","embeddable":true,"href":"https:\/\/cezmati.com\/ar\/wp-json\/wp\/v2\/product_tag?post=5532"}],"curies":[{"name":"wp","href":"https:\/\/api.w.org\/{rel}","templated":true}]}}