{"id":5486,"date":"2023-02-02T14:59:50","date_gmt":"2023-02-02T14:59:50","guid":{"rendered":"https:\/\/cezmati.com\/?post_type=product&#038;p=5486"},"modified":"2023-07-24T21:26:31","modified_gmt":"2023-07-24T21:26:31","slug":"spiral-donusturucu","status":"publish","type":"product","link":"https:\/\/cezmati.com\/ar\/product\/spiral-donusturucu\/","title":{"rendered":"SP\u0130RAL D\u00d6N\u00dc\u015eT\u00dcR\u00dcC\u00dc"},"content":{"rendered":"<p>SP\u0130RALDEN EL FREZES\u0130NE D\u00d6N\u00dc\u015eT\u00dcRME APARATI<\/p>\n","protected":false},"excerpt":{"rendered":"<p>SP\u0130RALDEN EL FREZES\u0130NE D\u00d6N\u00dc\u015eT\u00dcRME APARATI<\/p>\n","protected":false},"featured_media":5986,"template":"","meta":[],"product_brand":[],"product_cat":[167],"product_tag":[],"class_list":{"0":"post-5486","1":"product","2":"type-product","3":"status-publish","4":"has-post-thumbnail","6":"product_cat-hirdavat","8":"first","9":"instock","10":"taxable","11":"shipping-taxable","12":"purchasable","13":"product-type-variable","14":"has-default-attributes"},"_links":{"self":[{"href":"https:\/\/cezmati.com\/ar\/wp-json\/wp\/v2\/product\/5486","targetHints":{"allow":["GET"]}}],"collection":[{"href":"https:\/\/cezmati.com\/ar\/wp-json\/wp\/v2\/product"}],"about":[{"href":"https:\/\/cezmati.com\/ar\/wp-json\/wp\/v2\/types\/product"}],"wp:featuredmedia":[{"embeddable":true,"href":"https:\/\/cezmati.com\/ar\/wp-json\/wp\/v2\/media\/5986"}],"wp:attachment":[{"href":"https:\/\/cezmati.com\/ar\/wp-json\/wp\/v2\/media?parent=5486"}],"wp:term":[{"taxonomy":"product_brand","embeddable":true,"href":"https:\/\/cezmati.com\/ar\/wp-json\/wp\/v2\/product_brand?post=5486"},{"taxonomy":"product_cat","embeddable":true,"href":"https:\/\/cezmati.com\/ar\/wp-json\/wp\/v2\/product_cat?post=5486"},{"taxonomy":"product_tag","embeddable":true,"href":"https:\/\/cezmati.com\/ar\/wp-json\/wp\/v2\/product_tag?post=5486"}],"curies":[{"name":"wp","href":"https:\/\/api.w.org\/{rel}","templated":true}]}}