{"id":5475,"date":"2023-02-02T14:56:19","date_gmt":"2023-02-02T14:56:19","guid":{"rendered":"https:\/\/cezmati.com\/?post_type=product&#038;p=5475"},"modified":"2023-07-24T21:19:36","modified_gmt":"2023-07-24T21:19:36","slug":"disk-alti-spiral-flansi","status":"publish","type":"product","link":"https:\/\/cezmati.com\/ar\/product\/disk-alti-spiral-flansi\/","title":{"rendered":"D\u0130SK ALTI SP\u0130RAL FLAN\u015eI"},"content":{"rendered":"<p>SP\u0130RAL FLAN\u015eI Testereyi SAB\u0130TLMEK \u0130\u00c7\u0130N KULLANILIR<\/p>\n","protected":false},"excerpt":{"rendered":"<p>SP\u0130RAL FLAN\u015eI Testereyi SAB\u0130TLMEK \u0130\u00c7\u0130N KULLANILIR<\/p>\n","protected":false},"featured_media":5983,"template":"","meta":[],"product_brand":[],"product_cat":[167],"product_tag":[],"class_list":{"0":"post-5475","1":"product","2":"type-product","3":"status-publish","4":"has-post-thumbnail","6":"product_cat-hirdavat","8":"first","9":"instock","10":"taxable","11":"shipping-taxable","12":"purchasable","13":"product-type-simple"},"_links":{"self":[{"href":"https:\/\/cezmati.com\/ar\/wp-json\/wp\/v2\/product\/5475","targetHints":{"allow":["GET"]}}],"collection":[{"href":"https:\/\/cezmati.com\/ar\/wp-json\/wp\/v2\/product"}],"about":[{"href":"https:\/\/cezmati.com\/ar\/wp-json\/wp\/v2\/types\/product"}],"wp:featuredmedia":[{"embeddable":true,"href":"https:\/\/cezmati.com\/ar\/wp-json\/wp\/v2\/media\/5983"}],"wp:attachment":[{"href":"https:\/\/cezmati.com\/ar\/wp-json\/wp\/v2\/media?parent=5475"}],"wp:term":[{"taxonomy":"product_brand","embeddable":true,"href":"https:\/\/cezmati.com\/ar\/wp-json\/wp\/v2\/product_brand?post=5475"},{"taxonomy":"product_cat","embeddable":true,"href":"https:\/\/cezmati.com\/ar\/wp-json\/wp\/v2\/product_cat?post=5475"},{"taxonomy":"product_tag","embeddable":true,"href":"https:\/\/cezmati.com\/ar\/wp-json\/wp\/v2\/product_tag?post=5475"}],"curies":[{"name":"wp","href":"https:\/\/api.w.org\/{rel}","templated":true}]}}