{"id":5473,"date":"2023-02-02T14:54:31","date_gmt":"2023-02-02T14:54:31","guid":{"rendered":"https:\/\/cezmati.com\/?post_type=product&#038;p=5473"},"modified":"2023-07-24T21:19:36","modified_gmt":"2023-07-24T21:19:36","slug":"testere-spiral-flansi-b","status":"publish","type":"product","link":"https:\/\/cezmati.com\/ar\/product\/testere-spiral-flansi-b\/","title":{"rendered":"TESTERE SP\u0130RAL FLAN\u015eI B"},"content":{"rendered":"<p>SP\u0130RAL FLAN\u015eI TESTERE SAB\u0130TLMEK \u0130\u00c7\u0130N KULLANILIR<\/p>\n","protected":false},"excerpt":{"rendered":"<p>SP\u0130RAL FLAN\u015eI TESTERE SAB\u0130TLMEK \u0130\u00c7\u0130N KULLANILIR<\/p>\n","protected":false},"featured_media":5979,"template":"","meta":[],"product_brand":[],"product_cat":[167],"product_tag":[],"class_list":{"0":"post-5473","1":"product","2":"type-product","3":"status-publish","4":"has-post-thumbnail","6":"product_cat-hirdavat","8":"first","9":"instock","10":"taxable","11":"shipping-taxable","12":"purchasable","13":"product-type-simple"},"_links":{"self":[{"href":"https:\/\/cezmati.com\/ar\/wp-json\/wp\/v2\/product\/5473","targetHints":{"allow":["GET"]}}],"collection":[{"href":"https:\/\/cezmati.com\/ar\/wp-json\/wp\/v2\/product"}],"about":[{"href":"https:\/\/cezmati.com\/ar\/wp-json\/wp\/v2\/types\/product"}],"wp:featuredmedia":[{"embeddable":true,"href":"https:\/\/cezmati.com\/ar\/wp-json\/wp\/v2\/media\/5979"}],"wp:attachment":[{"href":"https:\/\/cezmati.com\/ar\/wp-json\/wp\/v2\/media?parent=5473"}],"wp:term":[{"taxonomy":"product_brand","embeddable":true,"href":"https:\/\/cezmati.com\/ar\/wp-json\/wp\/v2\/product_brand?post=5473"},{"taxonomy":"product_cat","embeddable":true,"href":"https:\/\/cezmati.com\/ar\/wp-json\/wp\/v2\/product_cat?post=5473"},{"taxonomy":"product_tag","embeddable":true,"href":"https:\/\/cezmati.com\/ar\/wp-json\/wp\/v2\/product_tag?post=5473"}],"curies":[{"name":"wp","href":"https:\/\/api.w.org\/{rel}","templated":true}]}}