{"id":5465,"date":"2023-02-02T19:34:05","date_gmt":"2023-02-02T19:34:05","guid":{"rendered":"https:\/\/cezmati.com\/?post_type=product&#038;p=5465"},"modified":"2023-07-24T21:42:02","modified_gmt":"2023-07-24T21:42:02","slug":"elektrolize-spiral-ucu-duz","status":"publish","type":"product","link":"https:\/\/cezmati.com\/ar\/product\/elektrolize-spiral-ucu-duz\/","title":{"rendered":"ELEKTROL\u0130ZE SP\u0130RAL UCU DUZ"},"content":{"rendered":"<p>ELEKTROL\u0130ZE ELMAS SP\u0130RAL UCU TA\u015e VE MERMER D\u00dcZ KANAL A\u00c7MA \u0130\u015eLEM\u0130NDE KULLANILIR<\/p>\n","protected":false},"excerpt":{"rendered":"<p>ELEKTROL\u0130ZE ELMAS SP\u0130RAL UCU TA\u015e VE MERMER D\u00dcZ KANAL A\u00c7MA \u0130\u015eLEM\u0130NDE KULLANILIR<\/p>\n","protected":false},"featured_media":6106,"template":"","meta":[],"product_brand":[],"product_cat":[152],"product_tag":[],"class_list":{"0":"post-5465","1":"product","2":"type-product","3":"status-publish","4":"has-post-thumbnail","6":"product_cat-uclar","8":"first","9":"instock","10":"taxable","11":"shipping-taxable","12":"purchasable","13":"product-type-variable","14":"has-default-attributes"},"_links":{"self":[{"href":"https:\/\/cezmati.com\/ar\/wp-json\/wp\/v2\/product\/5465","targetHints":{"allow":["GET"]}}],"collection":[{"href":"https:\/\/cezmati.com\/ar\/wp-json\/wp\/v2\/product"}],"about":[{"href":"https:\/\/cezmati.com\/ar\/wp-json\/wp\/v2\/types\/product"}],"wp:featuredmedia":[{"embeddable":true,"href":"https:\/\/cezmati.com\/ar\/wp-json\/wp\/v2\/media\/6106"}],"wp:attachment":[{"href":"https:\/\/cezmati.com\/ar\/wp-json\/wp\/v2\/media?parent=5465"}],"wp:term":[{"taxonomy":"product_brand","embeddable":true,"href":"https:\/\/cezmati.com\/ar\/wp-json\/wp\/v2\/product_brand?post=5465"},{"taxonomy":"product_cat","embeddable":true,"href":"https:\/\/cezmati.com\/ar\/wp-json\/wp\/v2\/product_cat?post=5465"},{"taxonomy":"product_tag","embeddable":true,"href":"https:\/\/cezmati.com\/ar\/wp-json\/wp\/v2\/product_tag?post=5465"}],"curies":[{"name":"wp","href":"https:\/\/api.w.org\/{rel}","templated":true}]}}