{"id":5351,"date":"2023-02-02T19:16:45","date_gmt":"2023-02-02T19:16:45","guid":{"rendered":"https:\/\/cezmati.com\/?post_type=product&#038;p=5351"},"modified":"2023-07-24T21:35:17","modified_gmt":"2023-07-24T21:35:17","slug":"elektrolize-elmas-spiral-duz-kanal","status":"publish","type":"product","link":"https:\/\/cezmati.com\/ar\/product\/elektrolize-elmas-spiral-duz-kanal\/","title":{"rendered":"ELEKTROL\u0130ZE ELMAS SP\u0130RAL D\u00dcZ KANAL"},"content":{"rendered":"<p>ELEKTROL\u0130ZE ELMAS SP\u0130RAL PROF\u0130L\u0130 TA\u015e VE MERMER D\u00dcZ KANAL A\u00c7MA \u0130\u015eLEM\u0130NDE KULLANILIR<\/p>\n","protected":false},"excerpt":{"rendered":"<p>ELEKTROL\u0130ZE ELMAS SP\u0130RAL PROF\u0130L\u0130 TA\u015e VE MERMER D\u00dcZ KANAL A\u00c7MA \u0130\u015eLEM\u0130NDE KULLANILIR<\/p>\n","protected":false},"featured_media":6080,"template":"","meta":[],"product_brand":[],"product_cat":[154],"product_tag":[],"class_list":{"0":"post-5351","1":"product","2":"type-product","3":"status-publish","4":"has-post-thumbnail","6":"product_cat-elmas-profilleri","8":"first","9":"instock","10":"taxable","11":"shipping-taxable","12":"purchasable","13":"product-type-variable","14":"has-default-attributes"},"_links":{"self":[{"href":"https:\/\/cezmati.com\/ar\/wp-json\/wp\/v2\/product\/5351","targetHints":{"allow":["GET"]}}],"collection":[{"href":"https:\/\/cezmati.com\/ar\/wp-json\/wp\/v2\/product"}],"about":[{"href":"https:\/\/cezmati.com\/ar\/wp-json\/wp\/v2\/types\/product"}],"wp:featuredmedia":[{"embeddable":true,"href":"https:\/\/cezmati.com\/ar\/wp-json\/wp\/v2\/media\/6080"}],"wp:attachment":[{"href":"https:\/\/cezmati.com\/ar\/wp-json\/wp\/v2\/media?parent=5351"}],"wp:term":[{"taxonomy":"product_brand","embeddable":true,"href":"https:\/\/cezmati.com\/ar\/wp-json\/wp\/v2\/product_brand?post=5351"},{"taxonomy":"product_cat","embeddable":true,"href":"https:\/\/cezmati.com\/ar\/wp-json\/wp\/v2\/product_cat?post=5351"},{"taxonomy":"product_tag","embeddable":true,"href":"https:\/\/cezmati.com\/ar\/wp-json\/wp\/v2\/product_tag?post=5351"}],"curies":[{"name":"wp","href":"https:\/\/api.w.org\/{rel}","templated":true}]}}