{"id":5329,"date":"2023-02-16T14:36:53","date_gmt":"2023-02-16T14:36:53","guid":{"rendered":"https:\/\/cezmati.com\/?post_type=product&#038;p=5329"},"modified":"2023-07-24T21:39:52","modified_gmt":"2023-07-24T21:39:52","slug":"vakum-taslama-spiral-ucu-duz","status":"publish","type":"product","link":"https:\/\/cezmati.com\/ar\/product\/vakum-taslama-spiral-ucu-duz\/","title":{"rendered":"VAKUM TA\u015eLAMA SP\u0130RAL UCU D\u00dcZ"},"content":{"rendered":"<p>VAKUM ELMAS SP\u0130RAL TA\u015e, MERMER VE GRAN\u0130T D\u00dcZ KANAL A\u00c7MA \u0130\u015eLEM\u0130NDE KULLANILIR<\/p>\n","protected":false},"excerpt":{"rendered":"<p>VAKUM ELMAS SP\u0130RAL TA\u015e, MERMER VE GRAN\u0130T D\u00dcZ KANAL A\u00c7MA \u0130\u015eLEM\u0130NDE KULLANILIR<\/p>\n","protected":false},"featured_media":6465,"template":"","meta":[],"product_brand":[],"product_cat":[152],"product_tag":[],"class_list":{"0":"post-5329","1":"product","2":"type-product","3":"status-publish","4":"has-post-thumbnail","6":"product_cat-uclar","8":"first","9":"instock","10":"taxable","11":"shipping-taxable","12":"purchasable","13":"product-type-variable","14":"has-default-attributes"},"_links":{"self":[{"href":"https:\/\/cezmati.com\/ar\/wp-json\/wp\/v2\/product\/5329","targetHints":{"allow":["GET"]}}],"collection":[{"href":"https:\/\/cezmati.com\/ar\/wp-json\/wp\/v2\/product"}],"about":[{"href":"https:\/\/cezmati.com\/ar\/wp-json\/wp\/v2\/types\/product"}],"wp:featuredmedia":[{"embeddable":true,"href":"https:\/\/cezmati.com\/ar\/wp-json\/wp\/v2\/media\/6465"}],"wp:attachment":[{"href":"https:\/\/cezmati.com\/ar\/wp-json\/wp\/v2\/media?parent=5329"}],"wp:term":[{"taxonomy":"product_brand","embeddable":true,"href":"https:\/\/cezmati.com\/ar\/wp-json\/wp\/v2\/product_brand?post=5329"},{"taxonomy":"product_cat","embeddable":true,"href":"https:\/\/cezmati.com\/ar\/wp-json\/wp\/v2\/product_cat?post=5329"},{"taxonomy":"product_tag","embeddable":true,"href":"https:\/\/cezmati.com\/ar\/wp-json\/wp\/v2\/product_tag?post=5329"}],"curies":[{"name":"wp","href":"https:\/\/api.w.org\/{rel}","templated":true}]}}