{"id":5314,"date":"2023-02-13T18:36:25","date_gmt":"2023-02-13T18:36:25","guid":{"rendered":"https:\/\/cezmati.com\/?post_type=product&#038;p=5314"},"modified":"2023-07-24T21:16:25","modified_gmt":"2023-07-24T21:16:25","slug":"vakum-karot-elmas-delici-2","status":"publish","type":"product","link":"https:\/\/cezmati.com\/ar\/product\/vakum-karot-elmas-delici-2\/","title":{"rendered":"VAKUM KAROT ELMAS DEL\u0130C\u0130"},"content":{"rendered":"<p>VAKUM ELMAS SP\u0130RAL KAROT TA\u015e, MERMER VE GRAN\u0130T DEL\u0130K A\u00c7MA \u0130\u015eLEM\u0130NDE KULLANILIR<\/p>\n","protected":false},"excerpt":{"rendered":"<p>VAKUM ELMAS SP\u0130RAL KAROT TA\u015e, MERMER VE GRAN\u0130T DEL\u0130K A\u00c7MA \u0130\u015eLEM\u0130NDE KULLANILIR<\/p>\n","protected":false},"featured_media":6342,"template":"","meta":[],"product_brand":[],"product_cat":[156],"product_tag":[],"class_list":{"0":"post-5314","1":"product","2":"type-product","3":"status-publish","4":"has-post-thumbnail","6":"product_cat-elmas-delici","8":"first","9":"instock","10":"taxable","11":"shipping-taxable","12":"purchasable","13":"product-type-variable","14":"has-default-attributes"},"_links":{"self":[{"href":"https:\/\/cezmati.com\/ar\/wp-json\/wp\/v2\/product\/5314","targetHints":{"allow":["GET"]}}],"collection":[{"href":"https:\/\/cezmati.com\/ar\/wp-json\/wp\/v2\/product"}],"about":[{"href":"https:\/\/cezmati.com\/ar\/wp-json\/wp\/v2\/types\/product"}],"wp:featuredmedia":[{"embeddable":true,"href":"https:\/\/cezmati.com\/ar\/wp-json\/wp\/v2\/media\/6342"}],"wp:attachment":[{"href":"https:\/\/cezmati.com\/ar\/wp-json\/wp\/v2\/media?parent=5314"}],"wp:term":[{"taxonomy":"product_brand","embeddable":true,"href":"https:\/\/cezmati.com\/ar\/wp-json\/wp\/v2\/product_brand?post=5314"},{"taxonomy":"product_cat","embeddable":true,"href":"https:\/\/cezmati.com\/ar\/wp-json\/wp\/v2\/product_cat?post=5314"},{"taxonomy":"product_tag","embeddable":true,"href":"https:\/\/cezmati.com\/ar\/wp-json\/wp\/v2\/product_tag?post=5314"}],"curies":[{"name":"wp","href":"https:\/\/api.w.org\/{rel}","templated":true}]}}