{"id":5298,"date":"2023-02-11T14:46:50","date_gmt":"2023-02-11T14:46:50","guid":{"rendered":"https:\/\/cezmati.com\/?post_type=product&#038;p=5298"},"modified":"2023-07-24T21:34:27","modified_gmt":"2023-07-24T21:34:27","slug":"vakum-profil-c-kanal-12530mm","status":"publish","type":"product","link":"https:\/\/cezmati.com\/ar\/product\/vakum-profil-c-kanal-12530mm\/","title":{"rendered":"VAKUM PROF\u0130L C KANAL"},"content":{"rendered":"<p>VAKUM ELMAS SP\u0130RAL PROF\u0130L\u0130 TA\u015e, MERMER VE GRAN\u0130T DI\u015e SARMAL \u015eEKL\u0130 VERME \u0130\u015eLEM\u0130NDE KULLANILIR<\/p>\n","protected":false},"excerpt":{"rendered":"<p>VAKUM ELMAS SP\u0130RAL PROF\u0130L\u0130 TA\u015e, MERMER VE GRAN\u0130T DI\u015e SARMAL \u015eEKL\u0130 VERME \u0130\u015eLEM\u0130NDE KULLANILIR<\/p>\n","protected":false},"featured_media":6132,"template":"","meta":[],"product_brand":[],"product_cat":[154],"product_tag":[],"class_list":{"0":"post-5298","1":"product","2":"type-product","3":"status-publish","4":"has-post-thumbnail","6":"product_cat-elmas-profilleri","8":"first","9":"instock","10":"taxable","11":"shipping-taxable","12":"purchasable","13":"product-type-variable","14":"has-default-attributes"},"_links":{"self":[{"href":"https:\/\/cezmati.com\/ar\/wp-json\/wp\/v2\/product\/5298","targetHints":{"allow":["GET"]}}],"collection":[{"href":"https:\/\/cezmati.com\/ar\/wp-json\/wp\/v2\/product"}],"about":[{"href":"https:\/\/cezmati.com\/ar\/wp-json\/wp\/v2\/types\/product"}],"wp:featuredmedia":[{"embeddable":true,"href":"https:\/\/cezmati.com\/ar\/wp-json\/wp\/v2\/media\/6132"}],"wp:attachment":[{"href":"https:\/\/cezmati.com\/ar\/wp-json\/wp\/v2\/media?parent=5298"}],"wp:term":[{"taxonomy":"product_brand","embeddable":true,"href":"https:\/\/cezmati.com\/ar\/wp-json\/wp\/v2\/product_brand?post=5298"},{"taxonomy":"product_cat","embeddable":true,"href":"https:\/\/cezmati.com\/ar\/wp-json\/wp\/v2\/product_cat?post=5298"},{"taxonomy":"product_tag","embeddable":true,"href":"https:\/\/cezmati.com\/ar\/wp-json\/wp\/v2\/product_tag?post=5298"}],"curies":[{"name":"wp","href":"https:\/\/api.w.org\/{rel}","templated":true}]}}