{"id":5270,"date":"2023-01-22T19:54:19","date_gmt":"2023-01-22T19:54:19","guid":{"rendered":"https:\/\/cezmati.com\/?post_type=product&#038;p=5270"},"modified":"2023-07-24T21:05:57","modified_gmt":"2023-07-24T21:05:57","slug":"gumus-elektrolize-elmas-testere","status":"publish","type":"product","link":"https:\/\/cezmati.com\/ar\/product\/gumus-elektrolize-elmas-testere\/","title":{"rendered":"G\u00dcM\u00dc\u015e ELEKTROL\u0130ZE ELMAS TESTERE"},"content":{"rendered":"<p>ELEKTROL\u0130ZE ELMAS SP\u0130RAL TESTERES\u0130 TA\u015e VE MERMER KESME VE ZIMPARALAMA \u0130\u015eLEM\u0130NDE KULLANILIR<\/p>\n","protected":false},"excerpt":{"rendered":"<p>ELEKTROL\u0130ZE ELMAS SP\u0130RAL TESTERES\u0130 TA\u015e VE MERMER KESME VE ZIMPARALAMA \u0130\u015eLEM\u0130NDE KULLANILIR<\/p>\n","protected":false},"featured_media":5973,"template":"","meta":[],"product_brand":[],"product_cat":[153],"product_tag":[],"class_list":{"0":"post-5270","1":"product","2":"type-product","3":"status-publish","4":"has-post-thumbnail","6":"product_cat-elmas-testere","8":"first","9":"instock","10":"taxable","11":"shipping-taxable","12":"purchasable","13":"product-type-variable","14":"has-default-attributes"},"_links":{"self":[{"href":"https:\/\/cezmati.com\/ar\/wp-json\/wp\/v2\/product\/5270","targetHints":{"allow":["GET"]}}],"collection":[{"href":"https:\/\/cezmati.com\/ar\/wp-json\/wp\/v2\/product"}],"about":[{"href":"https:\/\/cezmati.com\/ar\/wp-json\/wp\/v2\/types\/product"}],"wp:featuredmedia":[{"embeddable":true,"href":"https:\/\/cezmati.com\/ar\/wp-json\/wp\/v2\/media\/5973"}],"wp:attachment":[{"href":"https:\/\/cezmati.com\/ar\/wp-json\/wp\/v2\/media?parent=5270"}],"wp:term":[{"taxonomy":"product_brand","embeddable":true,"href":"https:\/\/cezmati.com\/ar\/wp-json\/wp\/v2\/product_brand?post=5270"},{"taxonomy":"product_cat","embeddable":true,"href":"https:\/\/cezmati.com\/ar\/wp-json\/wp\/v2\/product_cat?post=5270"},{"taxonomy":"product_tag","embeddable":true,"href":"https:\/\/cezmati.com\/ar\/wp-json\/wp\/v2\/product_tag?post=5270"}],"curies":[{"name":"wp","href":"https:\/\/api.w.org\/{rel}","templated":true}]}}