{"id":5266,"date":"2023-01-22T19:45:47","date_gmt":"2023-01-22T19:45:47","guid":{"rendered":"https:\/\/cezmati.com\/?post_type=product&#038;p=5266"},"modified":"2023-07-24T21:06:24","modified_gmt":"2023-07-24T21:06:24","slug":"mavi-granit-elmas-testere-girdap","status":"publish","type":"product","link":"https:\/\/cezmati.com\/ar\/product\/mavi-granit-elmas-testere-girdap\/","title":{"rendered":"MAV\u0130 GRAN\u0130T ELMAS TESTERE G\u0130RDAP"},"content":{"rendered":"<p>S\u00d6KET ELMAS SP\u0130RAL TESTERES\u0130 TA\u015e, GRAN\u0130T VE BAZALT KESME \u0130\u015eLEM\u0130NDE KULLANILIR<\/p>\n","protected":false},"excerpt":{"rendered":"<p>S\u00d6KET ELMAS SP\u0130RAL TESTERES\u0130 TA\u015e, GRAN\u0130T VE BAZALT KESME \u0130\u015eLEM\u0130NDE KULLANILIR<\/p>\n","protected":false},"featured_media":6521,"template":"","meta":[],"product_brand":[],"product_cat":[153],"product_tag":[],"class_list":{"0":"post-5266","1":"product","2":"type-product","3":"status-publish","4":"has-post-thumbnail","6":"product_cat-elmas-testere","8":"first","9":"instock","10":"taxable","11":"shipping-taxable","12":"purchasable","13":"product-type-variable","14":"has-default-attributes"},"_links":{"self":[{"href":"https:\/\/cezmati.com\/ar\/wp-json\/wp\/v2\/product\/5266","targetHints":{"allow":["GET"]}}],"collection":[{"href":"https:\/\/cezmati.com\/ar\/wp-json\/wp\/v2\/product"}],"about":[{"href":"https:\/\/cezmati.com\/ar\/wp-json\/wp\/v2\/types\/product"}],"wp:featuredmedia":[{"embeddable":true,"href":"https:\/\/cezmati.com\/ar\/wp-json\/wp\/v2\/media\/6521"}],"wp:attachment":[{"href":"https:\/\/cezmati.com\/ar\/wp-json\/wp\/v2\/media?parent=5266"}],"wp:term":[{"taxonomy":"product_brand","embeddable":true,"href":"https:\/\/cezmati.com\/ar\/wp-json\/wp\/v2\/product_brand?post=5266"},{"taxonomy":"product_cat","embeddable":true,"href":"https:\/\/cezmati.com\/ar\/wp-json\/wp\/v2\/product_cat?post=5266"},{"taxonomy":"product_tag","embeddable":true,"href":"https:\/\/cezmati.com\/ar\/wp-json\/wp\/v2\/product_tag?post=5266"}],"curies":[{"name":"wp","href":"https:\/\/api.w.org\/{rel}","templated":true}]}}