{"id":5238,"date":"2023-01-22T19:30:46","date_gmt":"2023-01-22T19:30:46","guid":{"rendered":"https:\/\/cezmati.com\/?post_type=product&#038;p=5238"},"modified":"2024-08-05T09:54:33","modified_gmt":"2024-08-05T09:54:33","slug":"kore-elmas-testere","status":"publish","type":"product","link":"https:\/\/cezmati.com\/ar\/product\/kore-elmas-testere\/","title":{"rendered":"KORE ELMAS TESTERE"},"content":{"rendered":"<p>S\u00d6KET ELMAS SP\u0130RAL TESTERES\u0130 TA\u015e, GRAN\u0130T VE BAZALT KESME VE ZIMPARALAMA \u0130\u015eLEM\u0130NDE KULLANILIR<\/p>\n","protected":false},"excerpt":{"rendered":"<p>S\u00d6KET ELMAS SP\u0130RAL TESTERES\u0130 TA\u015e, GRAN\u0130T VE BAZALT KESME VE ZIMPARALAMA \u0130\u015eLEM\u0130NDE KULLANILIR<\/p>\n","protected":false},"featured_media":6519,"template":"","meta":[],"product_brand":[],"product_cat":[153],"product_tag":[],"class_list":{"0":"post-5238","1":"product","2":"type-product","3":"status-publish","4":"has-post-thumbnail","6":"product_cat-elmas-testere","8":"first","9":"instock","10":"taxable","11":"shipping-taxable","12":"purchasable","13":"product-type-variable","14":"has-default-attributes"},"_links":{"self":[{"href":"https:\/\/cezmati.com\/ar\/wp-json\/wp\/v2\/product\/5238","targetHints":{"allow":["GET"]}}],"collection":[{"href":"https:\/\/cezmati.com\/ar\/wp-json\/wp\/v2\/product"}],"about":[{"href":"https:\/\/cezmati.com\/ar\/wp-json\/wp\/v2\/types\/product"}],"wp:featuredmedia":[{"embeddable":true,"href":"https:\/\/cezmati.com\/ar\/wp-json\/wp\/v2\/media\/6519"}],"wp:attachment":[{"href":"https:\/\/cezmati.com\/ar\/wp-json\/wp\/v2\/media?parent=5238"}],"wp:term":[{"taxonomy":"product_brand","embeddable":true,"href":"https:\/\/cezmati.com\/ar\/wp-json\/wp\/v2\/product_brand?post=5238"},{"taxonomy":"product_cat","embeddable":true,"href":"https:\/\/cezmati.com\/ar\/wp-json\/wp\/v2\/product_cat?post=5238"},{"taxonomy":"product_tag","embeddable":true,"href":"https:\/\/cezmati.com\/ar\/wp-json\/wp\/v2\/product_tag?post=5238"}],"curies":[{"name":"wp","href":"https:\/\/api.w.org\/{rel}","templated":true}]}}