{"id":5226,"date":"2023-01-04T13:01:01","date_gmt":"2023-01-04T13:01:01","guid":{"rendered":"https:\/\/cezmati.com\/?post_type=product&#038;p=5226"},"modified":"2023-07-24T21:51:46","modified_gmt":"2023-07-24T21:51:46","slug":"soketli-cnc-ucu","status":"publish","type":"product","link":"https:\/\/cezmati.com\/ar\/product\/soketli-cnc-ucu\/","title":{"rendered":"SOKETL\u0130 CNC UCU"},"content":{"rendered":"<p>S\u00d6KET ELMAS BA\u015eLI CNC UCU TA\u015e, MERMER VE GRAN\u0130T D\u00dcZ KANAL A\u00c7MA VE YAZI YAZMA \u0130\u015eLEM\u0130NDE KULLANILIR<\/p>\n","protected":false},"excerpt":{"rendered":"<p>S\u00d6KET ELMAS BA\u015eLI CNC UCU TA\u015e, MERMER VE GRAN\u0130T D\u00dcZ KANAL A\u00c7MA VE YAZI YAZMA \u0130\u015eLEM\u0130NDE KULLANILIR<\/p>\n","protected":false},"featured_media":5232,"template":"","meta":[],"product_brand":[],"product_cat":[152],"product_tag":[],"class_list":{"0":"post-5226","1":"product","2":"type-product","3":"status-publish","4":"has-post-thumbnail","6":"product_cat-uclar","8":"first","9":"instock","10":"taxable","11":"shipping-taxable","12":"purchasable","13":"product-type-variable","14":"has-default-attributes"},"_links":{"self":[{"href":"https:\/\/cezmati.com\/ar\/wp-json\/wp\/v2\/product\/5226","targetHints":{"allow":["GET"]}}],"collection":[{"href":"https:\/\/cezmati.com\/ar\/wp-json\/wp\/v2\/product"}],"about":[{"href":"https:\/\/cezmati.com\/ar\/wp-json\/wp\/v2\/types\/product"}],"wp:featuredmedia":[{"embeddable":true,"href":"https:\/\/cezmati.com\/ar\/wp-json\/wp\/v2\/media\/5232"}],"wp:attachment":[{"href":"https:\/\/cezmati.com\/ar\/wp-json\/wp\/v2\/media?parent=5226"}],"wp:term":[{"taxonomy":"product_brand","embeddable":true,"href":"https:\/\/cezmati.com\/ar\/wp-json\/wp\/v2\/product_brand?post=5226"},{"taxonomy":"product_cat","embeddable":true,"href":"https:\/\/cezmati.com\/ar\/wp-json\/wp\/v2\/product_cat?post=5226"},{"taxonomy":"product_tag","embeddable":true,"href":"https:\/\/cezmati.com\/ar\/wp-json\/wp\/v2\/product_tag?post=5226"}],"curies":[{"name":"wp","href":"https:\/\/api.w.org\/{rel}","templated":true}]}}