{"id":5102,"date":"2025-07-22T13:02:06","date_gmt":"2025-07-22T13:02:06","guid":{"rendered":"https:\/\/cezmati.com\/?post_type=product&#038;p=5102"},"modified":"2025-07-22T13:23:24","modified_gmt":"2025-07-22T13:23:24","slug":"karbur-elmas-ucu-a-altin-yildiz","status":"publish","type":"product","link":"https:\/\/cezmati.com\/ar\/product\/karbur-elmas-ucu-a-altin-yildiz\/","title":{"rendered":"KARBUR ELMAS UCU A ALTIN YILDIZ"},"content":{"rendered":"<p>KARB\u00dcR ELMAS CNC UCU YILDIZ BA\u015eLI TA\u015e VE MERMER KABARTMALI DESEN OYMA \u0130\u015eLEM\u0130NDE KULLANILIR<\/p>\n","protected":false},"excerpt":{"rendered":"<p>KARB\u00dcR ELMAS CNC UCU YILDIZ BA\u015eLI TA\u015e VE MERMER KABARTMALI DESEN OYMA \u0130\u015eLEM\u0130NDE KULLANILIR<\/p>\n","protected":false},"featured_media":8705,"template":"","meta":[],"product_brand":[],"product_cat":[152],"product_tag":[],"class_list":{"0":"post-5102","1":"product","2":"type-product","3":"status-publish","4":"has-post-thumbnail","6":"product_cat-uclar","8":"first","9":"instock","10":"taxable","11":"shipping-taxable","12":"purchasable","13":"product-type-variable","14":"has-default-attributes"},"_links":{"self":[{"href":"https:\/\/cezmati.com\/ar\/wp-json\/wp\/v2\/product\/5102","targetHints":{"allow":["GET"]}}],"collection":[{"href":"https:\/\/cezmati.com\/ar\/wp-json\/wp\/v2\/product"}],"about":[{"href":"https:\/\/cezmati.com\/ar\/wp-json\/wp\/v2\/types\/product"}],"wp:featuredmedia":[{"embeddable":true,"href":"https:\/\/cezmati.com\/ar\/wp-json\/wp\/v2\/media\/8705"}],"wp:attachment":[{"href":"https:\/\/cezmati.com\/ar\/wp-json\/wp\/v2\/media?parent=5102"}],"wp:term":[{"taxonomy":"product_brand","embeddable":true,"href":"https:\/\/cezmati.com\/ar\/wp-json\/wp\/v2\/product_brand?post=5102"},{"taxonomy":"product_cat","embeddable":true,"href":"https:\/\/cezmati.com\/ar\/wp-json\/wp\/v2\/product_cat?post=5102"},{"taxonomy":"product_tag","embeddable":true,"href":"https:\/\/cezmati.com\/ar\/wp-json\/wp\/v2\/product_tag?post=5102"}],"curies":[{"name":"wp","href":"https:\/\/api.w.org\/{rel}","templated":true}]}}