{"id":5096,"date":"2023-01-03T20:28:03","date_gmt":"2023-01-03T20:28:03","guid":{"rendered":"https:\/\/cezmati.com\/?post_type=product&#038;p=5096"},"modified":"2023-07-24T21:53:52","modified_gmt":"2023-07-24T21:53:52","slug":"vakum-robot-ucu-gaz-sarmal","status":"publish","type":"product","link":"https:\/\/cezmati.com\/ar\/product\/vakum-robot-ucu-gaz-sarmal\/","title":{"rendered":"VAKUM ROBOT UCU GAZ SARMAL"},"content":{"rendered":"<p>VAKUM ELMAS CNC UCU SARMAL TA\u015e, MERMER VE GRAN\u0130T KABARTMALI GEOMETR\u0130K DESEN VB. BO\u015eALTMA \u0130\u015eLEM\u0130NDE KULLANILIR<\/p>\n","protected":false},"excerpt":{"rendered":"<p>VAKUM ELMAS CNC UCU SARMAL TA\u015e, MERMER VE GRAN\u0130T KABARTMALI GEOMETR\u0130K DESEN VB. BO\u015eALTMA \u0130\u015eLEM\u0130NDE KULLANILIR<\/p>\n","protected":false},"featured_media":5100,"template":"","meta":[],"product_brand":[],"product_cat":[152],"product_tag":[],"class_list":{"0":"post-5096","1":"product","2":"type-product","3":"status-publish","4":"has-post-thumbnail","6":"product_cat-uclar","8":"first","9":"instock","10":"taxable","11":"shipping-taxable","12":"purchasable","13":"product-type-variable","14":"has-default-attributes"},"_links":{"self":[{"href":"https:\/\/cezmati.com\/ar\/wp-json\/wp\/v2\/product\/5096","targetHints":{"allow":["GET"]}}],"collection":[{"href":"https:\/\/cezmati.com\/ar\/wp-json\/wp\/v2\/product"}],"about":[{"href":"https:\/\/cezmati.com\/ar\/wp-json\/wp\/v2\/types\/product"}],"wp:featuredmedia":[{"embeddable":true,"href":"https:\/\/cezmati.com\/ar\/wp-json\/wp\/v2\/media\/5100"}],"wp:attachment":[{"href":"https:\/\/cezmati.com\/ar\/wp-json\/wp\/v2\/media?parent=5096"}],"wp:term":[{"taxonomy":"product_brand","embeddable":true,"href":"https:\/\/cezmati.com\/ar\/wp-json\/wp\/v2\/product_brand?post=5096"},{"taxonomy":"product_cat","embeddable":true,"href":"https:\/\/cezmati.com\/ar\/wp-json\/wp\/v2\/product_cat?post=5096"},{"taxonomy":"product_tag","embeddable":true,"href":"https:\/\/cezmati.com\/ar\/wp-json\/wp\/v2\/product_tag?post=5096"}],"curies":[{"name":"wp","href":"https:\/\/api.w.org\/{rel}","templated":true}]}}