{"id":5077,"date":"2023-01-03T20:04:30","date_gmt":"2023-01-03T20:04:30","guid":{"rendered":"https:\/\/cezmati.com\/?post_type=product&#038;p=5077"},"modified":"2023-07-24T21:54:53","modified_gmt":"2023-07-24T21:54:53","slug":"vakum-cnc-ucu-pah","status":"publish","type":"product","link":"https:\/\/cezmati.com\/ar\/product\/vakum-cnc-ucu-pah\/","title":{"rendered":"VAKUM CNC UCU TOPA\u00c7"},"content":{"rendered":"<p>VAKUM ELMAS ROBOT CNC UCU TOPA\u00c7 TA\u015e, MERMER VE GRAN\u0130T KON\u0130K KANAL A\u00c7MA \u0130\u015eLEM\u0130NDE KULLANILIR<\/p>\n","protected":false},"excerpt":{"rendered":"<p>VAKUM ELMAS ROBOT CNC UCU TOPA\u00c7 TA\u015e, MERMER VE GRAN\u0130T KON\u0130K KANAL A\u00c7MA \u0130\u015eLEM\u0130NDE KULLANILIR<\/p>\n","protected":false},"featured_media":5081,"template":"","meta":[],"product_brand":[],"product_cat":[152],"product_tag":[],"class_list":{"0":"post-5077","1":"product","2":"type-product","3":"status-publish","4":"has-post-thumbnail","6":"product_cat-uclar","8":"first","9":"instock","10":"taxable","11":"shipping-taxable","12":"purchasable","13":"product-type-variable","14":"has-default-attributes"},"_links":{"self":[{"href":"https:\/\/cezmati.com\/ar\/wp-json\/wp\/v2\/product\/5077","targetHints":{"allow":["GET"]}}],"collection":[{"href":"https:\/\/cezmati.com\/ar\/wp-json\/wp\/v2\/product"}],"about":[{"href":"https:\/\/cezmati.com\/ar\/wp-json\/wp\/v2\/types\/product"}],"wp:featuredmedia":[{"embeddable":true,"href":"https:\/\/cezmati.com\/ar\/wp-json\/wp\/v2\/media\/5081"}],"wp:attachment":[{"href":"https:\/\/cezmati.com\/ar\/wp-json\/wp\/v2\/media?parent=5077"}],"wp:term":[{"taxonomy":"product_brand","embeddable":true,"href":"https:\/\/cezmati.com\/ar\/wp-json\/wp\/v2\/product_brand?post=5077"},{"taxonomy":"product_cat","embeddable":true,"href":"https:\/\/cezmati.com\/ar\/wp-json\/wp\/v2\/product_cat?post=5077"},{"taxonomy":"product_tag","embeddable":true,"href":"https:\/\/cezmati.com\/ar\/wp-json\/wp\/v2\/product_tag?post=5077"}],"curies":[{"name":"wp","href":"https:\/\/api.w.org\/{rel}","templated":true}]}}