{"id":5039,"date":"2023-01-03T19:26:44","date_gmt":"2023-01-03T19:26:44","guid":{"rendered":"https:\/\/cezmati.com\/?post_type=product&#038;p=5039"},"modified":"2023-07-24T21:55:36","modified_gmt":"2023-07-24T21:55:36","slug":"vakum-cnc-ucu-sarmal","status":"publish","type":"product","link":"https:\/\/cezmati.com\/ar\/product\/vakum-cnc-ucu-sarmal\/","title":{"rendered":"VAKUM CNC UCU SARMAL"},"content":{"rendered":"<p>VAKUM ELMAS CNC UCU SARMAL TA\u015e, MERMER VE GRAN\u0130T KABARTMALI GEOMETR\u0130K DESEN VB. BO\u015eALTMA \u0130\u015eLEM\u0130NDE KULLANILIR<\/p>\n","protected":false},"excerpt":{"rendered":"<p>VAKUM ELMAS CNC UCU SARMAL TA\u015e, MERMER VE GRAN\u0130T KABARTMALI GEOMETR\u0130K DESEN VB. BO\u015eALTMA \u0130\u015eLEM\u0130NDE KULLANILIR<\/p>\n","protected":false},"featured_media":5057,"template":"","meta":[],"product_brand":[],"product_cat":[152],"product_tag":[],"class_list":{"0":"post-5039","1":"product","2":"type-product","3":"status-publish","4":"has-post-thumbnail","6":"product_cat-uclar","8":"first","9":"instock","10":"taxable","11":"shipping-taxable","12":"purchasable","13":"product-type-variable","14":"has-default-attributes"},"_links":{"self":[{"href":"https:\/\/cezmati.com\/ar\/wp-json\/wp\/v2\/product\/5039","targetHints":{"allow":["GET"]}}],"collection":[{"href":"https:\/\/cezmati.com\/ar\/wp-json\/wp\/v2\/product"}],"about":[{"href":"https:\/\/cezmati.com\/ar\/wp-json\/wp\/v2\/types\/product"}],"wp:featuredmedia":[{"embeddable":true,"href":"https:\/\/cezmati.com\/ar\/wp-json\/wp\/v2\/media\/5057"}],"wp:attachment":[{"href":"https:\/\/cezmati.com\/ar\/wp-json\/wp\/v2\/media?parent=5039"}],"wp:term":[{"taxonomy":"product_brand","embeddable":true,"href":"https:\/\/cezmati.com\/ar\/wp-json\/wp\/v2\/product_brand?post=5039"},{"taxonomy":"product_cat","embeddable":true,"href":"https:\/\/cezmati.com\/ar\/wp-json\/wp\/v2\/product_cat?post=5039"},{"taxonomy":"product_tag","embeddable":true,"href":"https:\/\/cezmati.com\/ar\/wp-json\/wp\/v2\/product_tag?post=5039"}],"curies":[{"name":"wp","href":"https:\/\/api.w.org\/{rel}","templated":true}]}}