{"id":4940,"date":"2023-01-03T11:51:22","date_gmt":"2023-01-03T11:51:22","guid":{"rendered":"https:\/\/cezmati.com\/?post_type=product&#038;p=4940"},"modified":"2023-07-24T21:55:56","modified_gmt":"2023-07-24T21:55:56","slug":"vakum-cnc-ucu-duz","status":"publish","type":"product","link":"https:\/\/cezmati.com\/ar\/product\/vakum-cnc-ucu-duz\/","title":{"rendered":"VAKUM CNC UCU D\u00dcZ G\u00dcM\u00dc\u015e"},"content":{"rendered":"<p>VAKUM ELMAS CNC UCU D\u00dcZ TA\u015e, MERMER VE GRAN\u0130T KABARTMALI DESEN OYMA \u0130\u015eLEM\u0130NDE KULLANILIR<\/p>\n","protected":false},"excerpt":{"rendered":"<p>VAKUM ELMAS CNC UCU D\u00dcZ TA\u015e, MERMER VE GRAN\u0130T KABARTMALI DESEN OYMA \u0130\u015eLEM\u0130NDE KULLANILIR<\/p>\n","protected":false},"featured_media":5196,"template":"","meta":[],"product_brand":[],"product_cat":[152],"product_tag":[],"class_list":{"0":"post-4940","1":"product","2":"type-product","3":"status-publish","4":"has-post-thumbnail","6":"product_cat-uclar","8":"first","9":"instock","10":"taxable","11":"shipping-taxable","12":"purchasable","13":"product-type-variable","14":"has-default-attributes"},"_links":{"self":[{"href":"https:\/\/cezmati.com\/ar\/wp-json\/wp\/v2\/product\/4940","targetHints":{"allow":["GET"]}}],"collection":[{"href":"https:\/\/cezmati.com\/ar\/wp-json\/wp\/v2\/product"}],"about":[{"href":"https:\/\/cezmati.com\/ar\/wp-json\/wp\/v2\/types\/product"}],"wp:featuredmedia":[{"embeddable":true,"href":"https:\/\/cezmati.com\/ar\/wp-json\/wp\/v2\/media\/5196"}],"wp:attachment":[{"href":"https:\/\/cezmati.com\/ar\/wp-json\/wp\/v2\/media?parent=4940"}],"wp:term":[{"taxonomy":"product_brand","embeddable":true,"href":"https:\/\/cezmati.com\/ar\/wp-json\/wp\/v2\/product_brand?post=4940"},{"taxonomy":"product_cat","embeddable":true,"href":"https:\/\/cezmati.com\/ar\/wp-json\/wp\/v2\/product_cat?post=4940"},{"taxonomy":"product_tag","embeddable":true,"href":"https:\/\/cezmati.com\/ar\/wp-json\/wp\/v2\/product_tag?post=4940"}],"curies":[{"name":"wp","href":"https:\/\/api.w.org\/{rel}","templated":true}]}}